{"id":26,"date":"2016-07-14T21:12:41","date_gmt":"2016-07-14T19:12:41","guid":{"rendered":"http:\/\/www.werk4um.de\/?page_id=26"},"modified":"2020-01-10T16:47:18","modified_gmt":"2020-01-10T15:47:18","slug":"werkstatt","status":"publish","type":"page","link":"https:\/\/www.werk4um.de\/","title":{"rendered":"Im \u00f6ffentlichen Raum"},"content":{"rendered":"\n<p><\/p>\n\n\n<h2><strong>Der Zipfel<\/strong><\/h2>\n<h5>Die Einweihung des &#8222;Zipfel&#8220; am 2.10.2017 in Neuk\u00fcnkendorf.<\/h5>\n<div id=\"attachment_237\" style=\"width: 559px\" class=\"wp-caption aligncenter\"><img loading=\"lazy\" decoding=\"async\" aria-describedby=\"caption-attachment-237\" class=\"wp-image-237 \" src=\"http:\/\/www.werk4um.de\/wp-content\/uploads\/2020\/01\/IMG_9441-scaled.jpg\" alt=\"\" width=\"549\" height=\"824\" srcset=\"https:\/\/www.werk4um.de\/wp-content\/uploads\/2020\/01\/IMG_9441-scaled.jpg 1707w, https:\/\/www.werk4um.de\/wp-content\/uploads\/2020\/01\/IMG_9441-200x300.jpg 200w, https:\/\/www.werk4um.de\/wp-content\/uploads\/2020\/01\/IMG_9441-683x1024.jpg 683w, https:\/\/www.werk4um.de\/wp-content\/uploads\/2020\/01\/IMG_9441-768x1152.jpg 768w, https:\/\/www.werk4um.de\/wp-content\/uploads\/2020\/01\/IMG_9441-1024x1536.jpg 1024w, https:\/\/www.werk4um.de\/wp-content\/uploads\/2020\/01\/IMG_9441-1365x2048.jpg 1365w, https:\/\/www.werk4um.de\/wp-content\/uploads\/2020\/01\/IMG_9441-624x936.jpg 624w\" sizes=\"auto, (max-width: 549px) 100vw, 549px\" \/><p id=\"caption-attachment-237\" class=\"wp-caption-text\">Der Zipfel<\/p><\/div>\n<p>Zur Zeit Herstellung der Betonplastik &#8222;der Zipfel&#8220; f\u00fcr den Dorfverein Neuk\u00fcnkendorf e.V.2003. &#8222;Der Zipfel&#8220; ist eine 3m hohe W\u00e4scheklammer gegossen in Beton und farblich gehalten in &#8222;Angerm\u00fcnder Rot&#8220;. Vorn, der Zipfel eines L\u00e4ppchens, hinten gestaltet sich der Stoff zu Falten auf denen man sich setzen kann.<\/p>\n<h5><a href=\"https:\/\/youtu.be\/bLsmytdcJlw\"><span style=\"color: #ff0000;\">Dokumentationsfilm\u00a0<\/span><\/a><\/h5>\n<p>Gef\u00f6rdert vom Landkreis Uckermark und dem Dorfverein Neuk\u00fcnkendorf e.V.2003<\/p>\n<p><img loading=\"lazy\" decoding=\"async\" class=\"alignnone size-medium wp-image-189\" src=\"http:\/\/www.werk4um.de\/wp-content\/uploads\/2016\/07\/IMG_9159-e1500542392147-200x300.jpg\" alt=\"\" width=\"200\" height=\"300\" srcset=\"https:\/\/www.werk4um.de\/wp-content\/uploads\/2016\/07\/IMG_9159-e1500542392147-200x300.jpg 200w, https:\/\/www.werk4um.de\/wp-content\/uploads\/2016\/07\/IMG_9159-e1500542392147-768x1152.jpg 768w, https:\/\/www.werk4um.de\/wp-content\/uploads\/2016\/07\/IMG_9159-e1500542392147-683x1024.jpg 683w, https:\/\/www.werk4um.de\/wp-content\/uploads\/2016\/07\/IMG_9159-e1500542392147-624x936.jpg 624w\" sizes=\"auto, (max-width: 200px) 100vw, 200px\" \/> \u00a0 \u00a0 \u00a0 \u00a0 \u00a0 \u00a0\u00a0 <img loading=\"lazy\" decoding=\"async\" class=\"alignnone size-medium wp-image-190\" src=\"http:\/\/www.werk4um.de\/wp-content\/uploads\/2016\/07\/IMG_9166-e1500542320916-200x300.jpg\" alt=\"\" width=\"200\" height=\"300\" srcset=\"https:\/\/www.werk4um.de\/wp-content\/uploads\/2016\/07\/IMG_9166-e1500542320916-200x300.jpg 200w, https:\/\/www.werk4um.de\/wp-content\/uploads\/2016\/07\/IMG_9166-e1500542320916-768x1152.jpg 768w, https:\/\/www.werk4um.de\/wp-content\/uploads\/2016\/07\/IMG_9166-e1500542320916-683x1024.jpg 683w, https:\/\/www.werk4um.de\/wp-content\/uploads\/2016\/07\/IMG_9166-e1500542320916-624x936.jpg 624w\" sizes=\"auto, (max-width: 200px) 100vw, 200px\" \/> <img loading=\"lazy\" decoding=\"async\" class=\"alignnone size-medium wp-image-191\" src=\"http:\/\/www.werk4um.de\/wp-content\/uploads\/2016\/07\/IMG_9170-e1500542298715-200x300.jpg\" alt=\"\" width=\"200\" height=\"300\" srcset=\"https:\/\/www.werk4um.de\/wp-content\/uploads\/2016\/07\/IMG_9170-e1500542298715-200x300.jpg 200w, https:\/\/www.werk4um.de\/wp-content\/uploads\/2016\/07\/IMG_9170-e1500542298715-768x1152.jpg 768w, https:\/\/www.werk4um.de\/wp-content\/uploads\/2016\/07\/IMG_9170-e1500542298715-683x1024.jpg 683w, https:\/\/www.werk4um.de\/wp-content\/uploads\/2016\/07\/IMG_9170-e1500542298715-624x936.jpg 624w\" sizes=\"auto, (max-width: 200px) 100vw, 200px\" \/> \u00a0\u00a0\u00a0\u00a0\u00a0\u00a0\u00a0\u00a0\u00a0\u00a0\u00a0\u00a0 <img loading=\"lazy\" decoding=\"async\" class=\"alignnone size-medium wp-image-234\" src=\"http:\/\/www.werk4um.de\/wp-content\/uploads\/2020\/01\/IMG_9270-200x300.jpg\" alt=\"\" width=\"200\" height=\"300\" srcset=\"https:\/\/www.werk4um.de\/wp-content\/uploads\/2020\/01\/IMG_9270-200x300.jpg 200w, https:\/\/www.werk4um.de\/wp-content\/uploads\/2020\/01\/IMG_9270-683x1024.jpg 683w, https:\/\/www.werk4um.de\/wp-content\/uploads\/2020\/01\/IMG_9270-768x1152.jpg 768w, https:\/\/www.werk4um.de\/wp-content\/uploads\/2020\/01\/IMG_9270-1024x1536.jpg 1024w, https:\/\/www.werk4um.de\/wp-content\/uploads\/2020\/01\/IMG_9270-1365x2048.jpg 1365w, https:\/\/www.werk4um.de\/wp-content\/uploads\/2020\/01\/IMG_9270-624x936.jpg 624w, https:\/\/www.werk4um.de\/wp-content\/uploads\/2020\/01\/IMG_9270-scaled.jpg 1707w\" sizes=\"auto, (max-width: 200px) 100vw, 200px\" \/><\/p>\n<h2><strong>Das Wachsmodell <\/strong><\/h2>\n<h2><strong>des Schwedter Schlosses<\/strong><\/h2>\n<p>Das Wachsmodell des Schwedter Schlosses ist fertiggestellt. Das gegossene Modell wurde am 13.04.2018 in Schwedt neben den Uckerm\u00e4rkischen B\u00fchnen eingeweiht.<\/p>\n<p><img loading=\"lazy\" decoding=\"async\" class=\"wp-image-210 size-full\" src=\"http:\/\/www.werk4um.de\/wp-content\/uploads\/2018\/04\/schlosskleinfertig.jpg\" alt=\"\" width=\"787\" height=\"591\" srcset=\"https:\/\/www.werk4um.de\/wp-content\/uploads\/2018\/04\/schlosskleinfertig.jpg 787w, https:\/\/www.werk4um.de\/wp-content\/uploads\/2018\/04\/schlosskleinfertig-300x225.jpg 300w, https:\/\/www.werk4um.de\/wp-content\/uploads\/2018\/04\/schlosskleinfertig-768x577.jpg 768w, https:\/\/www.werk4um.de\/wp-content\/uploads\/2018\/04\/schlosskleinfertig-624x469.jpg 624w\" sizes=\"auto, (max-width: 787px) 100vw, 787px\" \/><\/p>\n\n\t\t<style type=\"text\/css\">\n\t\t\t#gallery-1 {\n\t\t\t\tmargin: auto;\n\t\t\t}\n\t\t\t#gallery-1 .gallery-item {\n\t\t\t\tfloat: left;\n\t\t\t\tmargin-top: 10px;\n\t\t\t\ttext-align: center;\n\t\t\t\twidth: 33%;\n\t\t\t}\n\t\t\t#gallery-1 img {\n\t\t\t\tborder: 2px solid #cfcfcf;\n\t\t\t}\n\t\t\t#gallery-1 .gallery-caption {\n\t\t\t\tmargin-left: 0;\n\t\t\t}\n\t\t\t\/* see gallery_shortcode() in wp-includes\/media.php *\/\n\t\t<\/style>\n\t\t<div id='gallery-1' class='gallery galleryid-26 gallery-columns-3 gallery-size-thumbnail'><dl class='gallery-item'>\n\t\t\t<dt class='gallery-icon landscape'>\n\t\t\t\t<a href='https:\/\/www.werk4um.de\/?attachment_id=205'><img loading=\"lazy\" decoding=\"async\" width=\"150\" height=\"150\" src=\"https:\/\/www.werk4um.de\/wp-content\/uploads\/2018\/04\/7-150x150.jpg\" class=\"attachment-thumbnail size-thumbnail\" alt=\"\" aria-describedby=\"gallery-1-205\" \/><\/a>\n\t\t\t<\/dt>\n\t\t\t\t<dd class='wp-caption-text gallery-caption' id='gallery-1-205'>\n\t\t\t\tEinweihung des Schwedter Schloss-Models\n\t\t\t\t<\/dd><\/dl><dl class='gallery-item'>\n\t\t\t<dt class='gallery-icon landscape'>\n\t\t\t\t<a href='https:\/\/www.werk4um.de\/?attachment_id=202'><img loading=\"lazy\" decoding=\"async\" width=\"150\" height=\"150\" src=\"https:\/\/www.werk4um.de\/wp-content\/uploads\/2018\/04\/2-150x150.jpg\" class=\"attachment-thumbnail size-thumbnail\" alt=\"\" aria-describedby=\"gallery-1-202\" \/><\/a>\n\t\t\t<\/dt>\n\t\t\t\t<dd class='wp-caption-text gallery-caption' id='gallery-1-202'>\n\t\t\t\tEinweihung des Schwedter Schloss-Models\n\t\t\t\t<\/dd><\/dl><dl class='gallery-item'>\n\t\t\t<dt class='gallery-icon landscape'>\n\t\t\t\t<a href='https:\/\/www.werk4um.de\/?attachment_id=204'><img loading=\"lazy\" decoding=\"async\" width=\"150\" height=\"150\" src=\"https:\/\/www.werk4um.de\/wp-content\/uploads\/2018\/04\/6-150x150.jpg\" class=\"attachment-thumbnail size-thumbnail\" alt=\"\" aria-describedby=\"gallery-1-204\" \/><\/a>\n\t\t\t<\/dt>\n\t\t\t\t<dd class='wp-caption-text gallery-caption' id='gallery-1-204'>\n\t\t\t\tJana Debrodt mit Schlossmodel\n\t\t\t\t<\/dd><\/dl><br style=\"clear: both\" \/><dl class='gallery-item'>\n\t\t\t<dt class='gallery-icon landscape'>\n\t\t\t\t<a href='https:\/\/www.werk4um.de\/?attachment_id=209'><img loading=\"lazy\" decoding=\"async\" width=\"150\" height=\"150\" src=\"https:\/\/www.werk4um.de\/wp-content\/uploads\/2018\/04\/22-150x150.jpg\" class=\"attachment-thumbnail size-thumbnail\" alt=\"\" aria-describedby=\"gallery-1-209\" \/><\/a>\n\t\t\t<\/dt>\n\t\t\t\t<dd class='wp-caption-text gallery-caption' id='gallery-1-209'>\n\t\t\t\tEinweihung des Schwedter Schloss-Models\n\t\t\t\t<\/dd><\/dl><dl class='gallery-item'>\n\t\t\t<dt class='gallery-icon landscape'>\n\t\t\t\t<a href='https:\/\/www.werk4um.de\/?attachment_id=208'><img loading=\"lazy\" decoding=\"async\" width=\"150\" height=\"150\" src=\"https:\/\/www.werk4um.de\/wp-content\/uploads\/2018\/04\/21-150x150.jpg\" class=\"attachment-thumbnail size-thumbnail\" alt=\"\" aria-describedby=\"gallery-1-208\" \/><\/a>\n\t\t\t<\/dt>\n\t\t\t\t<dd class='wp-caption-text gallery-caption' id='gallery-1-208'>\n\t\t\t\tEinweihung des Schwedter Schloss-Models\n\t\t\t\t<\/dd><\/dl><dl class='gallery-item'>\n\t\t\t<dt class='gallery-icon landscape'>\n\t\t\t\t<a href='https:\/\/www.werk4um.de\/?attachment_id=68'><img loading=\"lazy\" decoding=\"async\" width=\"150\" height=\"150\" src=\"https:\/\/www.werk4um.de\/wp-content\/uploads\/2016\/08\/Haupt1Gie\u00dferei-150x150.jpg\" class=\"attachment-thumbnail size-thumbnail\" alt=\"\" aria-describedby=\"gallery-1-68\" \/><\/a>\n\t\t\t<\/dt>\n\t\t\t\t<dd class='wp-caption-text gallery-caption' id='gallery-1-68'>\n\t\t\t\tin der Bildgie\u00dferei Seiler\n\t\t\t\t<\/dd><\/dl><br style=\"clear: both\" \/><dl class='gallery-item'>\n\t\t\t<dt class='gallery-icon landscape'>\n\t\t\t\t<a href='https:\/\/www.werk4um.de\/?attachment_id=69'><img loading=\"lazy\" decoding=\"async\" width=\"150\" height=\"150\" src=\"https:\/\/www.werk4um.de\/wp-content\/uploads\/2016\/08\/Haupt2Gie\u00dferei-150x150.jpg\" class=\"attachment-thumbnail size-thumbnail\" alt=\"\" aria-describedby=\"gallery-1-69\" \/><\/a>\n\t\t\t<\/dt>\n\t\t\t\t<dd class='wp-caption-text gallery-caption' id='gallery-1-69'>\n\t\t\t\tin der Bildgie\u00dferei Seiler\n\t\t\t\t<\/dd><\/dl><dl class='gallery-item'>\n\t\t\t<dt class='gallery-icon landscape'>\n\t\t\t\t<a href='https:\/\/www.werk4um.de\/?attachment_id=73'><img loading=\"lazy\" decoding=\"async\" width=\"150\" height=\"150\" src=\"https:\/\/www.werk4um.de\/wp-content\/uploads\/2016\/08\/Werkstatt-150x150.jpg\" class=\"attachment-thumbnail size-thumbnail\" alt=\"\" aria-describedby=\"gallery-1-73\" \/><\/a>\n\t\t\t<\/dt>\n\t\t\t\t<dd class='wp-caption-text gallery-caption' id='gallery-1-73'>\n\t\t\t\tDetails\n\t\t\t\t<\/dd><\/dl><dl class='gallery-item'>\n\t\t\t<dt class='gallery-icon landscape'>\n\t\t\t\t<a href='https:\/\/www.werk4um.de\/?attachment_id=71'><img loading=\"lazy\" decoding=\"async\" width=\"150\" height=\"150\" src=\"https:\/\/www.werk4um.de\/wp-content\/uploads\/2016\/08\/Pfeiler-150x150.jpg\" class=\"attachment-thumbnail size-thumbnail\" alt=\"\" aria-describedby=\"gallery-1-71\" \/><\/a>\n\t\t\t<\/dt>\n\t\t\t\t<dd class='wp-caption-text gallery-caption' id='gallery-1-71'>\n\t\t\t\tPfeiler\n\t\t\t\t<\/dd><\/dl><br style=\"clear: both\" \/><dl class='gallery-item'>\n\t\t\t<dt class='gallery-icon landscape'>\n\t\t\t\t<a href='https:\/\/www.werk4um.de\/?attachment_id=67'><img loading=\"lazy\" decoding=\"async\" width=\"150\" height=\"150\" src=\"https:\/\/www.werk4um.de\/wp-content\/uploads\/2016\/08\/Dragoner-150x150.jpg\" class=\"attachment-thumbnail size-thumbnail\" alt=\"\" aria-describedby=\"gallery-1-67\" \/><\/a>\n\t\t\t<\/dt>\n\t\t\t\t<dd class='wp-caption-text gallery-caption' id='gallery-1-67'>\n\t\t\t\tWachssoldaten\n\t\t\t\t<\/dd><\/dl><dl class='gallery-item'>\n\t\t\t<dt class='gallery-icon portrait'>\n\t\t\t\t<a href='https:\/\/www.werk4um.de\/?attachment_id=66'><img loading=\"lazy\" decoding=\"async\" width=\"150\" height=\"150\" src=\"https:\/\/www.werk4um.de\/wp-content\/uploads\/2016\/08\/Detail2-150x150.jpg\" class=\"attachment-thumbnail size-thumbnail\" alt=\"\" aria-describedby=\"gallery-1-66\" \/><\/a>\n\t\t\t<\/dt>\n\t\t\t\t<dd class='wp-caption-text gallery-caption' id='gallery-1-66'>\n\t\t\t\tDetails im Bau\n\t\t\t\t<\/dd><\/dl><dl class='gallery-item'>\n\t\t\t<dt class='gallery-icon landscape'>\n\t\t\t\t<a href='https:\/\/www.werk4um.de\/?attachment_id=64'><img loading=\"lazy\" decoding=\"async\" width=\"150\" height=\"150\" src=\"https:\/\/www.werk4um.de\/wp-content\/uploads\/2016\/08\/Arbeitsplatz-150x150.jpg\" class=\"attachment-thumbnail size-thumbnail\" alt=\"\" aria-describedby=\"gallery-1-64\" \/><\/a>\n\t\t\t<\/dt>\n\t\t\t\t<dd class='wp-caption-text gallery-caption' id='gallery-1-64'>\n\t\t\t\tArbeitsplatz f\u00fcr die Details\n\t\t\t\t<\/dd><\/dl><br style=\"clear: both\" \/><dl class='gallery-item'>\n\t\t\t<dt class='gallery-icon landscape'>\n\t\t\t\t<a href='https:\/\/www.werk4um.de\/?attachment_id=65'><img loading=\"lazy\" decoding=\"async\" width=\"150\" height=\"150\" src=\"https:\/\/www.werk4um.de\/wp-content\/uploads\/2016\/08\/Detail1-150x150.jpg\" class=\"attachment-thumbnail size-thumbnail\" alt=\"\" \/><\/a>\n\t\t\t<\/dt><\/dl><dl class='gallery-item'>\n\t\t\t<dt class='gallery-icon landscape'>\n\t\t\t\t<a href='https:\/\/www.werk4um.de\/?attachment_id=72'><img loading=\"lazy\" decoding=\"async\" width=\"150\" height=\"150\" src=\"https:\/\/www.werk4um.de\/wp-content\/uploads\/2016\/08\/Schritt8-150x150.jpg\" class=\"attachment-thumbnail size-thumbnail\" alt=\"\" aria-describedby=\"gallery-1-72\" \/><\/a>\n\t\t\t<\/dt>\n\t\t\t\t<dd class='wp-caption-text gallery-caption' id='gallery-1-72'>\n\t\t\t\tdas Schloss im Rohbau\n\t\t\t\t<\/dd><\/dl><dl class='gallery-item'>\n\t\t\t<dt class='gallery-icon landscape'>\n\t\t\t\t<a href='https:\/\/www.werk4um.de\/?attachment_id=63'><img loading=\"lazy\" decoding=\"async\" width=\"150\" height=\"150\" src=\"https:\/\/www.werk4um.de\/wp-content\/uploads\/2016\/08\/6G2B0059-150x150.jpg\" class=\"attachment-thumbnail size-thumbnail\" alt=\"\" aria-describedby=\"gallery-1-63\" \/><\/a>\n\t\t\t<\/dt>\n\t\t\t\t<dd class='wp-caption-text gallery-caption' id='gallery-1-63'>\n\t\t\t\tGiebelrelief Schlossmodell Schwedt\n\t\t\t\t<\/dd><\/dl><br style=\"clear: both\" \/><dl class='gallery-item'>\n\t\t\t<dt class='gallery-icon landscape'>\n\t\t\t\t<a href='https:\/\/www.werk4um.de\/?attachment_id=62'><img loading=\"lazy\" decoding=\"async\" width=\"150\" height=\"150\" src=\"https:\/\/www.werk4um.de\/wp-content\/uploads\/2016\/08\/6G2B0057-150x150.jpg\" class=\"attachment-thumbnail size-thumbnail\" alt=\"\" aria-describedby=\"gallery-1-62\" \/><\/a>\n\t\t\t<\/dt>\n\t\t\t\t<dd class='wp-caption-text gallery-caption' id='gallery-1-62'>\n\t\t\t\t\u00fcber den D\u00e4chern des Schlosses\n\t\t\t\t<\/dd><\/dl>\n\t\t\t<br style='clear: both' \/>\n\t\t<\/div>\n","protected":false},"excerpt":{"rendered":"<p>Der Zipfel Die Einweihung des &#8222;Zipfel&#8220; am 2.10.2017 in Neuk\u00fcnkendorf. Zur Zeit Herstellung der Betonplastik &#8222;der Zipfel&#8220; f\u00fcr den Dorfverein Neuk\u00fcnkendorf e.V.2003. &#8222;Der Zipfel&#8220; ist eine 3m hohe W\u00e4scheklammer gegossen in Beton und farblich gehalten in &#8222;Angerm\u00fcnder Rot&#8220;. Vorn, der Zipfel eines L\u00e4ppchens, hinten gestaltet sich der Stoff zu Falten auf denen man sich setzen [&hellip;]<\/p>\n","protected":false},"author":1,"featured_media":0,"parent":0,"menu_order":0,"comment_status":"closed","ping_status":"closed","template":"","meta":{"footnotes":""},"class_list":["post-26","page","type-page","status-publish","hentry"],"_links":{"self":[{"href":"https:\/\/www.werk4um.de\/index.php?rest_route=\/wp\/v2\/pages\/26","targetHints":{"allow":["GET"]}}],"collection":[{"href":"https:\/\/www.werk4um.de\/index.php?rest_route=\/wp\/v2\/pages"}],"about":[{"href":"https:\/\/www.werk4um.de\/index.php?rest_route=\/wp\/v2\/types\/page"}],"author":[{"embeddable":true,"href":"https:\/\/www.werk4um.de\/index.php?rest_route=\/wp\/v2\/users\/1"}],"replies":[{"embeddable":true,"href":"https:\/\/www.werk4um.de\/index.php?rest_route=%2Fwp%2Fv2%2Fcomments&post=26"}],"version-history":[{"count":18,"href":"https:\/\/www.werk4um.de\/index.php?rest_route=\/wp\/v2\/pages\/26\/revisions"}],"predecessor-version":[{"id":241,"href":"https:\/\/www.werk4um.de\/index.php?rest_route=\/wp\/v2\/pages\/26\/revisions\/241"}],"wp:attachment":[{"href":"https:\/\/www.werk4um.de\/index.php?rest_route=%2Fwp%2Fv2%2Fmedia&parent=26"}],"curies":[{"name":"wp","href":"https:\/\/api.w.org\/{rel}","templated":true}]}}